{"id":190,"date":"2020-06-07T09:41:29","date_gmt":"2020-06-07T07:41:29","guid":{"rendered":"http:\/\/www.nana-media.de\/WordPress\/?page_id=190"},"modified":"2024-10-11T13:42:20","modified_gmt":"2024-10-11T11:42:20","slug":"films","status":"publish","type":"page","link":"http:\/\/www.nana-media.de\/WordPress\/","title":{"rendered":"filme"},"content":{"rendered":"\n<div style=\"height:24px\" aria-hidden=\"true\" class=\"wp-block-spacer\"><\/div>\n\n\n\n<p><a href=\"http:\/\/www.nana-media.de\/WordPress\/better-half\/\"><strong>better half<\/strong><br><\/a><em>kurzfilm 2021<\/em><br><em>buch und regie<\/em> j\u00fcrgen heim\u00fcller<br><em>produzent<\/em> j\u00fcrgen heim\u00fcller<br><em>status<\/em> auf festival tour<br><br>exground filmfest: 1. platz im deutschen kurzfilmwettbewerb<br>filmkunstfest mv: publikumspreis kurzfilmnacht<br>unified filmmakers festival: genre award best satire<\/p>\n\n\n\n<p><iframe loading=\"lazy\" title=\"vimeo-player\" src=\"https:\/\/player.vimeo.com\/video\/653289649?h=8a246be9cd\" width=\"640\" height=\"360\" frameborder=\"0\" allowfullscreen=\"allowfullscreen\"><\/iframe><\/p>\n\n\n\n<div style=\"height:100px\" aria-hidden=\"true\" class=\"wp-block-spacer\"><\/div>\n\n\n\n<p><strong><a href=\"http:\/\/www.nana-media.de\/WordPress\/die-letzten-fuenf-minuten-der-welt\/\">die letzten f\u00fcnf minuten der welt<\/a><\/strong><br><em>kurzfilm 2019<br>buch und regie<\/em> j\u00fcrgen heim\u00fcller<br><em>produ<\/em>zent j\u00fcrgen heim\u00fcller<br><em>status<\/em> tv auswertung<br><br>deutscher kurzfilmpreis<br>neisse festival publikumspreis \u201ebester kurzfilm\u201c<br>biberacher filmfestspiele jurypreis \u201ebester kurzfilm\u201c<\/p>\n\n\n\n<p><iframe loading=\"lazy\" title=\"vimeo-player\" src=\"https:\/\/player.vimeo.com\/video\/297062384?h=75fa549869\" width=\"640\" height=\"360\" frameborder=\"0\" allowfullscreen=\"allowfullscreen\"><\/iframe><\/p>\n","protected":false},"excerpt":{"rendered":"<p>better halfkurzfilm 2021buch und regie j\u00fcrgen heim\u00fcllerproduzent j\u00fcrgen heim\u00fcllerstatus auf festival tour exground filmfest: 1. platz im deutschen kurzfilmwettbewerbfilmkunstfest mv: publikumspreis kurzfilmnachtunified filmmakers festival: genre award best satire die letzten&hellip; <a class=\"excerpt-more-link\" href=\"http:\/\/www.nana-media.de\/WordPress\/\">Weiterlesen<\/a><\/p>\n","protected":false},"author":1,"featured_media":0,"parent":0,"menu_order":0,"comment_status":"closed","ping_status":"closed","template":"","meta":{"_mc_calendar":[],"footnotes":""},"class_list":["post-190","page","type-page","status-publish","hentry"],"_links":{"self":[{"href":"http:\/\/www.nana-media.de\/WordPress\/wp-json\/wp\/v2\/pages\/190","targetHints":{"allow":["GET"]}}],"collection":[{"href":"http:\/\/www.nana-media.de\/WordPress\/wp-json\/wp\/v2\/pages"}],"about":[{"href":"http:\/\/www.nana-media.de\/WordPress\/wp-json\/wp\/v2\/types\/page"}],"author":[{"embeddable":true,"href":"http:\/\/www.nana-media.de\/WordPress\/wp-json\/wp\/v2\/users\/1"}],"replies":[{"embeddable":true,"href":"http:\/\/www.nana-media.de\/WordPress\/wp-json\/wp\/v2\/comments?post=190"}],"version-history":[{"count":41,"href":"http:\/\/www.nana-media.de\/WordPress\/wp-json\/wp\/v2\/pages\/190\/revisions"}],"predecessor-version":[{"id":663,"href":"http:\/\/www.nana-media.de\/WordPress\/wp-json\/wp\/v2\/pages\/190\/revisions\/663"}],"wp:attachment":[{"href":"http:\/\/www.nana-media.de\/WordPress\/wp-json\/wp\/v2\/media?parent=190"}],"curies":[{"name":"wp","href":"https:\/\/api.w.org\/{rel}","templated":true}]}}