{"id":302,"date":"2021-09-10T14:08:35","date_gmt":"2021-09-10T12:08:35","guid":{"rendered":"http:\/\/www.nana-media.de\/WordPress\/?page_id=302"},"modified":"2024-10-11T13:44:09","modified_gmt":"2024-10-11T11:44:09","slug":"die-letzten-fuenf-minuten-der-welt","status":"publish","type":"page","link":"http:\/\/www.nana-media.de\/WordPress\/die-letzten-fuenf-minuten-der-welt\/","title":{"rendered":"die letzten f\u00fcnf minuten der welt"},"content":{"rendered":"\n<p>kurzfilm 2019<\/p>\n\n\n\n<p><strong>synopsis &amp; trailer<\/strong><br>was ist wichtig, wenn nichts mehr geht?<br>f\u00fcnf menschen in den letzten f\u00fcnf minuten,&nbsp;<br>bevor die welt untergeht.<br>zwei paare und ein einzelg\u00e4nger.<br>das letzte bier.<br>letzte gest\u00e4ndnisse, eifers\u00fcchteleien.&nbsp;<br>streitereien und vers\u00f6hnungen.<br>aber das nahende ende schwei\u00dft sie doch zusammen.<br>weil&#8217;s so gro\u00df ist, das alles.&nbsp;<\/p>\n\n\n\n<p><iframe loading=\"lazy\" title=\"vimeo-player\" src=\"https:\/\/player.vimeo.com\/video\/297062384?h=75fa549869\" width=\"640\" height=\"360\" frameborder=\"0\" allowfullscreen=\"allowfullscreen\"><\/iframe><\/p>\n\n\n\n<div style=\"height:80px\" aria-hidden=\"true\" class=\"wp-block-spacer\"><\/div>\n\n\n\n<div class=\"wp-block-ps2id-block-target\" id=\"credits\"><\/div>\n\n\n\n<p><strong>cast<\/strong><br><em>joseph<\/em> \u2013 martin muliar<br><em>klaus<\/em> \u2013 j\u00fcrgen heim\u00fcller<br><em>vroni<\/em> \u2013 christine klein<br><em>lissi<\/em> \u2013 konstanze dutzi<br><em>martin<\/em> \u2013 boris popovic<br><br><em>buch &amp;&nbsp;regie<\/em>&nbsp;\u2013 j\u00fcrgen heim\u00fcller&nbsp;<br><em>co-regie<\/em> \u2013 tina geissinger<br><em>kamera<\/em> \u2013 anton l. felixberger<br><em>licht<\/em> \u2013 max schmelzer<br><em>ton &amp; mischung<\/em> \u2013 robert f. kellner<br><em>colorist<\/em> \u2013 janis robens<br><em>szenenbild<\/em> \u2013 ute heim\u00fcller, dieter g\u00f6schel<br><em>kost\u00fcm<\/em> \u2013 birgit leitzinger<br><em>maske<\/em> \u2013 verena fingerlos<br><em>musik<\/em> \u2013 martin zels<br><em>bass<\/em> \u2013 alex bayer<br><br><em>danke an<\/em><br>anna maria brandst\u00e4tter<br>tatjana gamerith<br>werner gamerith<br><br><em>gef\u00f6rdert vom<\/em><br>filmb\u00fcro franken e.v.<\/p>\n\n\n\n<figure class=\"wp-block-image size-large is-resized\"><img loading=\"lazy\" decoding=\"async\" width=\"724\" height=\"1024\" src=\"http:\/\/www.nana-media.de\/WordPress\/wp-content\/uploads\/2020\/06\/Plakat-724x1024.jpg\" alt=\"\" class=\"wp-image-99\" style=\"width:362px;height:512px\" srcset=\"http:\/\/www.nana-media.de\/WordPress\/wp-content\/uploads\/2020\/06\/Plakat-724x1024.jpg 724w, http:\/\/www.nana-media.de\/WordPress\/wp-content\/uploads\/2020\/06\/Plakat-212x300.jpg 212w, http:\/\/www.nana-media.de\/WordPress\/wp-content\/uploads\/2020\/06\/Plakat-768x1086.jpg 768w, http:\/\/www.nana-media.de\/WordPress\/wp-content\/uploads\/2020\/06\/Plakat-1086x1536.jpg 1086w, http:\/\/www.nana-media.de\/WordPress\/wp-content\/uploads\/2020\/06\/Plakat-1448x2048.jpg 1448w, http:\/\/www.nana-media.de\/WordPress\/wp-content\/uploads\/2020\/06\/Plakat-scaled.jpg 1810w\" sizes=\"auto, (max-width: 724px) 100vw, 724px\" \/><figcaption class=\"wp-element-caption\"><em>plakat<\/em><\/figcaption><\/figure>\n\n\n\n<div style=\"height:80px\" aria-hidden=\"true\" class=\"wp-block-spacer\"><\/div>\n\n\n\n<div class=\"wp-block-ps2id-block-target\" id=\"screenings\"><\/div>\n\n\n\n<p><strong>erstausstrahlung<\/strong> auf arte am 11.09.2021 \u2013 <a rel=\"noreferrer noopener\" href=\"https:\/\/www.arte.tv\/de\/videos\/104899-000-A\/die-letzten-fuenf-minuten-der-welt\/\" target=\"_blank\">link zur mediathek<\/a><\/p>\n\n\n\n<p><strong>auszeichnungen<\/strong><br>deutscher kurzfilmpreis in gold 2019<br>jurypreis &#8222;bester kurzfilm&#8220; bei den&nbsp;biberacher filmfestspielen 2020<br>publikumspreis \u201ebester kurzfilm\u201c beim&nbsp;neisse filmfestival&nbsp;2019<br>publikumspreis &#8222;mauflimmern&#8220; kurzfilmfest memmingen 2020<\/p>\n\n\n\n<figure class=\"wp-block-image size-large is-resized\"><img decoding=\"async\" src=\"http:\/\/www.nana-media.de\/WordPress\/die-letzten-fuenf-minuten-der-welt\/wp-content\/uploads\/sites\/4\/2019\/12\/DKFP_Gewinner_4c-1024x320.png\" alt=\"\" class=\"wp-image-412\" style=\"width:400px;height:125px\"\/><\/figure>\n\n\n\n<p><strong>festivalteilnahmen (auswahl)<\/strong><br>internationale kurzfilmwoche regensburg<br>independent days internationales filmfest<br>arc-festival<br>neisse filmfestival<br>thalm\u00e4ssinger kurzfilmtage<br>alexandria short film festival<br>gstaad international short film festival<br>manifesto film festival<br>aaretaler kurzfilmtage<br>schwenninger kurzfilmfestival<br>braunschweig international film festival<br>allg\u00e4uer filmfeschdival<br>snowdance independent film festival<br>berlin independent film festival<br>film-sharing kurzfilmfestival<br>mauflimmern memmingen<br>alpinale filmfestival<br>vienna independent film festival<br>eunic short shorts from europe<br>international short film festival detmold<br>biberacher filmfestspiele<br>starfilmfest<br>kinofilmfest l\u00fcnen<br><br>europatournee im \u201eles nuits en or\u201c-programm der franz\u00f6sischen <strong>acad\u00e9mie des arts et techniques du cin\u00e9ma<\/strong><br>screenings in deutschland wie auch weltweit (zypern, malaysia, uk, moldau, schweden, indien, tansania etc.)  im programm der <strong>ag kurzfilm<\/strong> <\/p>\n\n\n\n<figure class=\"wp-block-image size-large\"><img loading=\"lazy\" decoding=\"async\" width=\"1024\" height=\"429\" src=\"http:\/\/www.nana-media.de\/WordPress\/wp-content\/uploads\/2023\/01\/4-45-08-Vroni-Lissi-Klaus-Joseph-1024x429.jpg\" alt=\"\" class=\"wp-image-569\" srcset=\"http:\/\/www.nana-media.de\/WordPress\/wp-content\/uploads\/2023\/01\/4-45-08-Vroni-Lissi-Klaus-Joseph-1024x429.jpg 1024w, http:\/\/www.nana-media.de\/WordPress\/wp-content\/uploads\/2023\/01\/4-45-08-Vroni-Lissi-Klaus-Joseph-300x126.jpg 300w, http:\/\/www.nana-media.de\/WordPress\/wp-content\/uploads\/2023\/01\/4-45-08-Vroni-Lissi-Klaus-Joseph-768x322.jpg 768w, http:\/\/www.nana-media.de\/WordPress\/wp-content\/uploads\/2023\/01\/4-45-08-Vroni-Lissi-Klaus-Joseph-1536x644.jpg 1536w, http:\/\/www.nana-media.de\/WordPress\/wp-content\/uploads\/2023\/01\/4-45-08-Vroni-Lissi-Klaus-Joseph-2048x858.jpg 2048w, http:\/\/www.nana-media.de\/WordPress\/wp-content\/uploads\/2023\/01\/4-45-08-Vroni-Lissi-Klaus-Joseph-1000x419.jpg 1000w\" sizes=\"auto, (max-width: 1024px) 100vw, 1024px\" \/><figcaption class=\"wp-element-caption\"><em>christine klein, konstanze dutzi, j\u00fcrgen heim\u00fcller, martin muliar<\/em><\/figcaption><\/figure>\n\n\n\n<div style=\"height:80px\" aria-hidden=\"true\" class=\"wp-block-spacer\"><\/div>\n\n\n\n<p><strong>kritiken<\/strong><br><em>\u201ein einer einzigen, pr\u00e4zise gew\u00e4hlten kameraeinstellung erz\u00e4hlt &#8218;die letzten f\u00fcnf minuten der welt&#8216; von f\u00fcnf menschen, die im angesicht der nahenden apokalypse kein blatt vor den mund nehmen. regisseur j\u00fcrgen heim\u00fcller und seinem hervorragenden schauspielerensemble gelingt es, der zweifellos dramatischen ausgangssituation mit herrlich lakonischem humor zu begegnen. durch den gezielten einsatz dramaturgischer und filmischer mittel wird eine komplexe welt erschaffen, die sich vor allem au\u00dferhalb des bildrandes, in der vorstellung des zuschauers, abspielt. ein kurzer, gro\u00dfer film. authentisch!\u201c<br><\/em>\u2013 jurybegr\u00fcndung des deutschen kurzfilmpreises<br><br><em>\u201emit humor und leichtigkeit beweist uns dieser kurzfilm, wie wenig es braucht, um mit einer bis in den kern ausgeloteten idee und konsequenter erz\u00e4hlweise die apokalypse auf einer holzbank mit dosenbier zu inszenieren. im angesicht der unausweichlichen katastrophe spielt er mit banalem menschlichen versagen und \u00e4ngsten. eine hervorragende ensembleleistung, die mit grosser spielfreude und perfektem timing in nur einer einzigen einstellung eingefangen wird.\u201c<br><\/em>\u2013 jurybegr\u00fcndung der 42. biberacher filmfestspiele<\/p>\n\n\n\n<figure class=\"wp-block-image size-large\"><img loading=\"lazy\" decoding=\"async\" width=\"1024\" height=\"429\" src=\"http:\/\/www.nana-media.de\/WordPress\/wp-content\/uploads\/2023\/01\/7-07-08-Vroni-Joseph-Klaus-Lissi-Martin-1024x429.jpg\" alt=\"\" class=\"wp-image-570\" srcset=\"http:\/\/www.nana-media.de\/WordPress\/wp-content\/uploads\/2023\/01\/7-07-08-Vroni-Joseph-Klaus-Lissi-Martin-1024x429.jpg 1024w, http:\/\/www.nana-media.de\/WordPress\/wp-content\/uploads\/2023\/01\/7-07-08-Vroni-Joseph-Klaus-Lissi-Martin-300x126.jpg 300w, http:\/\/www.nana-media.de\/WordPress\/wp-content\/uploads\/2023\/01\/7-07-08-Vroni-Joseph-Klaus-Lissi-Martin-768x322.jpg 768w, http:\/\/www.nana-media.de\/WordPress\/wp-content\/uploads\/2023\/01\/7-07-08-Vroni-Joseph-Klaus-Lissi-Martin-1536x644.jpg 1536w, http:\/\/www.nana-media.de\/WordPress\/wp-content\/uploads\/2023\/01\/7-07-08-Vroni-Joseph-Klaus-Lissi-Martin-2048x858.jpg 2048w, http:\/\/www.nana-media.de\/WordPress\/wp-content\/uploads\/2023\/01\/7-07-08-Vroni-Joseph-Klaus-Lissi-Martin-1000x419.jpg 1000w\" sizes=\"auto, (max-width: 1024px) 100vw, 1024px\" \/><figcaption class=\"wp-element-caption\"><em>christine klein, martin muliar, j\u00fcrgen heim\u00fcller, konstanze dutzi, boris popovic<\/em><\/figcaption><\/figure>\n\n\n\n<div style=\"height:80px\" aria-hidden=\"true\" class=\"wp-block-spacer\"><\/div>\n\n\n\n<p><strong>daten<\/strong><br>l\u00e4nge: 8:22<br>seitenverh\u00e4ltnis: 2,39:1<br>film: farbe<br>gr\u00f6\u00dfe: 2k<br>fsk: ab 12<br>sprache: deutsch<br>untertitel: englisch, spanisch<br>ton: surround 5.1 oder stereo 2.0<br>screeningformat: 2k dcp \/ mov (prores) \/ mp4 (h.264)<br>premiere: 13. m\u00e4rz 2019 bei der regensburger kurzfilmwoche<\/p>\n\n\n\n<figure class=\"wp-block-image size-large\"><img loading=\"lazy\" decoding=\"async\" width=\"1024\" height=\"429\" src=\"http:\/\/www.nana-media.de\/WordPress\/wp-content\/uploads\/2023\/01\/0-18-10-Leer-1024x429.jpg\" alt=\"\" class=\"wp-image-571\" srcset=\"http:\/\/www.nana-media.de\/WordPress\/wp-content\/uploads\/2023\/01\/0-18-10-Leer-1024x429.jpg 1024w, http:\/\/www.nana-media.de\/WordPress\/wp-content\/uploads\/2023\/01\/0-18-10-Leer-300x126.jpg 300w, http:\/\/www.nana-media.de\/WordPress\/wp-content\/uploads\/2023\/01\/0-18-10-Leer-768x322.jpg 768w, http:\/\/www.nana-media.de\/WordPress\/wp-content\/uploads\/2023\/01\/0-18-10-Leer-1536x644.jpg 1536w, http:\/\/www.nana-media.de\/WordPress\/wp-content\/uploads\/2023\/01\/0-18-10-Leer-2048x858.jpg 2048w, http:\/\/www.nana-media.de\/WordPress\/wp-content\/uploads\/2023\/01\/0-18-10-Leer-1000x419.jpg 1000w\" sizes=\"auto, (max-width: 1024px) 100vw, 1024px\" \/><figcaption class=\"wp-element-caption\"><em>&#8230;<\/em><\/figcaption><\/figure>\n","protected":false},"excerpt":{"rendered":"<p>kurzfilm 2019 synopsis &amp; trailerwas ist wichtig, wenn nichts mehr geht?f\u00fcnf menschen in den letzten f\u00fcnf minuten,&nbsp;bevor die welt untergeht.zwei paare und ein einzelg\u00e4nger.das letzte bier.letzte gest\u00e4ndnisse, eifers\u00fcchteleien.&nbsp;streitereien und vers\u00f6hnungen.aber&hellip; <a class=\"excerpt-more-link\" href=\"http:\/\/www.nana-media.de\/WordPress\/die-letzten-fuenf-minuten-der-welt\/\">Weiterlesen<\/a><\/p>\n","protected":false},"author":1,"featured_media":0,"parent":0,"menu_order":0,"comment_status":"closed","ping_status":"closed","template":"","meta":{"_mc_calendar":[],"footnotes":""},"class_list":["post-302","page","type-page","status-publish","hentry"],"_links":{"self":[{"href":"http:\/\/www.nana-media.de\/WordPress\/wp-json\/wp\/v2\/pages\/302","targetHints":{"allow":["GET"]}}],"collection":[{"href":"http:\/\/www.nana-media.de\/WordPress\/wp-json\/wp\/v2\/pages"}],"about":[{"href":"http:\/\/www.nana-media.de\/WordPress\/wp-json\/wp\/v2\/types\/page"}],"author":[{"embeddable":true,"href":"http:\/\/www.nana-media.de\/WordPress\/wp-json\/wp\/v2\/users\/1"}],"replies":[{"embeddable":true,"href":"http:\/\/www.nana-media.de\/WordPress\/wp-json\/wp\/v2\/comments?post=302"}],"version-history":[{"count":20,"href":"http:\/\/www.nana-media.de\/WordPress\/wp-json\/wp\/v2\/pages\/302\/revisions"}],"predecessor-version":[{"id":665,"href":"http:\/\/www.nana-media.de\/WordPress\/wp-json\/wp\/v2\/pages\/302\/revisions\/665"}],"wp:attachment":[{"href":"http:\/\/www.nana-media.de\/WordPress\/wp-json\/wp\/v2\/media?parent=302"}],"curies":[{"name":"wp","href":"https:\/\/api.w.org\/{rel}","templated":true}]}}