{"id":317,"date":"2022-03-24T22:45:45","date_gmt":"2022-03-24T21:45:45","guid":{"rendered":"http:\/\/www.nana-media.de\/WordPress\/?page_id=317"},"modified":"2024-10-11T20:41:18","modified_gmt":"2024-10-11T18:41:18","slug":"better-half","status":"publish","type":"page","link":"http:\/\/www.nana-media.de\/WordPress\/better-half\/","title":{"rendered":"better half"},"content":{"rendered":"\n<p>kurzfilm 2021<\/p>\n\n\n\n<p class=\"has-text-align-left\"><strong>synopsis &amp; trailer<\/strong><br>die weltbev\u00f6lkerung halbieren, um den planeten zu retten?<br>prima idee, finden politiker, experten und normale b\u00fcrger von der stra\u00dfe.<br>doch wer soll gehen?<br>eine fiktive dokumentation \u00fcber die abgr\u00fcnde unserer zivilgesellschaft.<\/p>\n\n\n\n<p><iframe loading=\"lazy\" title=\"vimeo-player\" src=\"https:\/\/player.vimeo.com\/video\/653289649?h=8a246be9cd\" width=\"640\" height=\"360\" frameborder=\"0\" allowfullscreen=\"allowfullscreen\"><\/iframe><\/p>\n\n\n\n<div style=\"height:50px\" aria-hidden=\"true\" class=\"wp-block-spacer\"><\/div>\n\n\n\n<div class=\"wp-block-ps2id-block-target\" id=\"credits\"><\/div>\n\n\n\n<p><strong>credits<\/strong><br>buch and regie: <em>j\u00fcrgen heim\u00fcller<\/em><br>kamera: <em>jannis alexander kiefer<\/em><br>ton und mischung: <em>robert f. kellner<\/em><br>kost\u00fcme und ausstattung: <em>leyla liyanova<\/em><br>musik: <em>j\u00fcrgen heim\u00fcller<\/em><br><br>darsteller: <em>henning kober, sabrina hermann, philipp lind, michael ransburg, gabriel merz, kevin patzke, moritz berg, helen woigk, marco steeger, konstanze dutzi, maria gundolf, christoph bangerter, martin muliar, irfan taufik, f\u00fcsun cibir, fehmi g\u00f6kl\u00fc, joachim zons, johannes walter, alice flotron und j\u00fcrgen heim\u00fcller<\/em><\/p>\n\n\n\n<figure class=\"wp-block-image is-resized\"><img loading=\"lazy\" decoding=\"async\" width=\"724\" height=\"1024\" src=\"http:\/\/www.nana-media.de\/WordPress\/wp-content\/uploads\/2022\/03\/Plakat-1-klein-724x1024.jpg\" alt=\"\" class=\"wp-image-321\" style=\"width:362px;height:512px\" srcset=\"http:\/\/www.nana-media.de\/WordPress\/wp-content\/uploads\/2022\/03\/Plakat-1-klein-724x1024.jpg 724w, http:\/\/www.nana-media.de\/WordPress\/wp-content\/uploads\/2022\/03\/Plakat-1-klein-212x300.jpg 212w, http:\/\/www.nana-media.de\/WordPress\/wp-content\/uploads\/2022\/03\/Plakat-1-klein-768x1086.jpg 768w, http:\/\/www.nana-media.de\/WordPress\/wp-content\/uploads\/2022\/03\/Plakat-1-klein.jpg 1000w\" sizes=\"auto, (max-width: 724px) 100vw, 724px\" \/><figcaption class=\"wp-element-caption\"><em>plakat<\/em><\/figcaption><\/figure>\n\n\n\n<div style=\"height:50px\" aria-hidden=\"true\" class=\"wp-block-spacer\"><\/div>\n\n\n\n<div class=\"wp-block-ps2id-block-target\" id=\"screenings\"><\/div>\n\n\n\n<p><strong>aktuelle screenings<\/strong><\/p>\n\n\n<div class='mc-event-list-container'><ul id='upcoming-events-37d7bcf8c9aa0ad02a32fb0ded2e977a' class='mc-event-list upcoming-events list-events'>\n<li class=\"mc-mc_upcoming_126 upcoming-event mc_screening-bh mc_werkstattkino past-event mc_primary_screening-bh nonrecurring mc-1-stunde mc-start-23-00 ungrouped mc-event-119 mc-events mc_rel_screeningbh\">14.03.2024 internationales kurzfilmfest m\u00fcnchen \/ werkstattkino \/ m\u00fcnchen \/ 22:00<\/li>\n\n<li class=\"mc-mc_upcoming_127 upcoming-event mc_screening-bh mc_werkstattkino past-event mc_primary_screening-bh nonrecurring mc-3-stunden mc-start-21-00 ungrouped mc-event-120 mc-events mc_rel_screeningbh\">15.03.2024 internationales kurzfilmfest m\u00fcnchen \/ werkstattkino \/ m\u00fcnchen \/ 20:00<\/li>\n<\/ul><\/div>\n\n\n\n<p><strong>festivalteilnahmen<\/strong><br>55. internationale hofer filmtage<br>filmfestival t\u00fcrkei deutschland<br>landshuter kurzfilm festival<br>thalm\u00e4ssinger kurzfilmtage<br>unified filmmakers festival<br>valencia international film and human rights festival<br>filmfest weiterstadt<br>f\u00fcnf seen filmfestival<br>linz international short film festival<br>filmkunstfest mv<br>biberacher filmfestspiele<br>indienuts award<br>lublin film festival, polen<br>shockfest film festival, new york city<br>filmz \u2013 festival des deutschen films, mainz<br>exground film festival, wiesbaden<br>europ\u00e4isches filmfestival g\u00f6ttingen<br>hammer kurzfilmn\u00e4chte<br>bamberger kurzfilmtage<br>snowdance film festival<br>regensburger kurzfilmwoche<br>filmfest dresden<br>filmfest bremen<br>spitziale<br>r\u00fcsselsheimer filmtage<br>festival of nations, lenzing<br>better world filmfestival m\u00fcnchen<br>kurzfilmsause freiburg<br>copenhagen short film festival<\/p>\n\n\n\n<p><strong>auszeichnungen<\/strong><br>exground filmfest: 1. platz im deutschen kurzfilmwettbewerb<br>filmkunstfest mv: publikumspreis kurzfilmnacht<br>r\u00fcsselsheimer filmtage: publikumspreis<br>unified filmmakers festival: genre award best satire<br>spitziale: publikumspreis<br>thalm\u00e4ssinger kurzfilmtage: publikumspreis<\/p>\n\n\n\n<figure class=\"wp-block-image size-large\"><img loading=\"lazy\" decoding=\"async\" width=\"1024\" height=\"554\" src=\"http:\/\/www.nana-media.de\/WordPress\/wp-content\/uploads\/2022\/03\/Still-11-1024x554.jpg\" alt=\"\" class=\"wp-image-325\" srcset=\"http:\/\/www.nana-media.de\/WordPress\/wp-content\/uploads\/2022\/03\/Still-11-1024x554.jpg 1024w, http:\/\/www.nana-media.de\/WordPress\/wp-content\/uploads\/2022\/03\/Still-11-300x162.jpg 300w, http:\/\/www.nana-media.de\/WordPress\/wp-content\/uploads\/2022\/03\/Still-11-768x415.jpg 768w, http:\/\/www.nana-media.de\/WordPress\/wp-content\/uploads\/2022\/03\/Still-11-1536x830.jpg 1536w, http:\/\/www.nana-media.de\/WordPress\/wp-content\/uploads\/2022\/03\/Still-11-2048x1107.jpg 2048w, http:\/\/www.nana-media.de\/WordPress\/wp-content\/uploads\/2022\/03\/Still-11-1000x541.jpg 1000w\" sizes=\"auto, (max-width: 1024px) 100vw, 1024px\" \/><figcaption class=\"wp-element-caption\"><em>martin muliar<\/em><\/figcaption><\/figure>\n\n\n\n<div style=\"height:50px\" aria-hidden=\"true\" class=\"wp-block-spacer\"><\/div>\n\n\n\n<div class=\"wp-block-ps2id-block-target\" id=\"kritiken\"><\/div>\n\n\n\n<p><strong>kritiken<\/strong><br><em>&#8222;der als reportage umgesetzte kurzfilm \u201ebetter half\u201c ist ein d\u00fcsteres zukunftsszenario und trifft damit voll ins mark.&#8220;<\/em> (doreen matthei auf <a rel=\"noreferrer noopener\" href=\"https:\/\/testkammer.com\/2021\/12\/30\/better-half-2021\/\" target=\"_blank\">testkammer.com<\/a>)<\/p>\n\n\n\n<figure class=\"wp-block-image size-large\"><img loading=\"lazy\" decoding=\"async\" width=\"1024\" height=\"554\" src=\"http:\/\/www.nana-media.de\/WordPress\/wp-content\/uploads\/2022\/03\/better-half-\u2013-Reporterin-1024x554.jpg\" alt=\"\" class=\"wp-image-409\" srcset=\"http:\/\/www.nana-media.de\/WordPress\/wp-content\/uploads\/2022\/03\/better-half-\u2013-Reporterin-1024x554.jpg 1024w, http:\/\/www.nana-media.de\/WordPress\/wp-content\/uploads\/2022\/03\/better-half-\u2013-Reporterin-300x162.jpg 300w, http:\/\/www.nana-media.de\/WordPress\/wp-content\/uploads\/2022\/03\/better-half-\u2013-Reporterin-768x415.jpg 768w, http:\/\/www.nana-media.de\/WordPress\/wp-content\/uploads\/2022\/03\/better-half-\u2013-Reporterin-1536x830.jpg 1536w, http:\/\/www.nana-media.de\/WordPress\/wp-content\/uploads\/2022\/03\/better-half-\u2013-Reporterin-1000x541.jpg 1000w, http:\/\/www.nana-media.de\/WordPress\/wp-content\/uploads\/2022\/03\/better-half-\u2013-Reporterin.jpg 1998w\" sizes=\"auto, (max-width: 1024px) 100vw, 1024px\" \/><figcaption class=\"wp-element-caption\"><em>sabrina hermann<\/em><\/figcaption><\/figure>\n\n\n\n<div style=\"height:50px\" aria-hidden=\"true\" class=\"wp-block-spacer\"><\/div>\n\n\n\n<div class=\"wp-block-ps2id-block-target\" id=\"daten\"><\/div>\n\n\n\n<p><strong>daten<\/strong><br>l\u00e4nge: 11:48<br>seitenverh\u00e4ltnis: 1,85:1<br>film: farbe<br>gr\u00f6\u00dfe: 2k<br>fsk: ab 12<br>sprache: deutsch, englisch, t\u00fcrkisch<br>untertitel: deutsch, englisch, spanisch<br>aufl\u00f6sung: Flat (1998&#215;1080) oder HD (1920&#215;1080)<br>sound: surround 5.1 oder stereo 2.0<br>screeningformat: dcp, mov (prores), mp4 (h.264)<br>premiere: 29. oktober 2021 bei den 55. internationalen hofer filmtagen<\/p>\n\n\n\n<figure class=\"wp-block-image size-large\"><img loading=\"lazy\" decoding=\"async\" width=\"1024\" height=\"554\" src=\"http:\/\/www.nana-media.de\/WordPress\/wp-content\/uploads\/2022\/03\/Still-12-1024x554.jpg\" alt=\"\" class=\"wp-image-332\" srcset=\"http:\/\/www.nana-media.de\/WordPress\/wp-content\/uploads\/2022\/03\/Still-12-1024x554.jpg 1024w, http:\/\/www.nana-media.de\/WordPress\/wp-content\/uploads\/2022\/03\/Still-12-300x162.jpg 300w, http:\/\/www.nana-media.de\/WordPress\/wp-content\/uploads\/2022\/03\/Still-12-768x415.jpg 768w, http:\/\/www.nana-media.de\/WordPress\/wp-content\/uploads\/2022\/03\/Still-12-1536x830.jpg 1536w, http:\/\/www.nana-media.de\/WordPress\/wp-content\/uploads\/2022\/03\/Still-12-2048x1107.jpg 2048w, http:\/\/www.nana-media.de\/WordPress\/wp-content\/uploads\/2022\/03\/Still-12-1000x541.jpg 1000w\" sizes=\"auto, (max-width: 1024px) 100vw, 1024px\" \/><figcaption class=\"wp-element-caption\"><em>maria gundolf, christoph bangerter<\/em><\/figcaption><\/figure>\n\n\n\n<figure class=\"wp-block-image size-large\"><p class=\"has-text-align-left\"><iframe loading=\"lazy\" title=\"vimeo-player\" src=\"https:\/\/player.vimeo.com\/video\/770398441\" width=\"640\" height=\"360\" frameborder=\"0\" allowfullscreen=\"allowfullscreen\"><\/iframe><br><em>interview mit j\u00fcrgen heim\u00fcller auf dem 21. filmz festival in mainz<\/em><\/p>\n","protected":false},"excerpt":{"rendered":"<p>kurzfilm 2021 synopsis &amp; trailerdie weltbev\u00f6lkerung halbieren, um den planeten zu retten?prima idee, finden politiker, experten und normale b\u00fcrger von der stra\u00dfe.doch wer soll gehen?eine fiktive dokumentation \u00fcber die abgr\u00fcnde&hellip; <a class=\"excerpt-more-link\" href=\"http:\/\/www.nana-media.de\/WordPress\/better-half\/\">Weiterlesen<\/a><\/p>\n","protected":false},"author":1,"featured_media":0,"parent":0,"menu_order":0,"comment_status":"closed","ping_status":"closed","template":"","meta":{"_mc_calendar":[],"footnotes":""},"class_list":["post-317","page","type-page","status-publish","hentry"],"_links":{"self":[{"href":"http:\/\/www.nana-media.de\/WordPress\/wp-json\/wp\/v2\/pages\/317","targetHints":{"allow":["GET"]}}],"collection":[{"href":"http:\/\/www.nana-media.de\/WordPress\/wp-json\/wp\/v2\/pages"}],"about":[{"href":"http:\/\/www.nana-media.de\/WordPress\/wp-json\/wp\/v2\/types\/page"}],"author":[{"embeddable":true,"href":"http:\/\/www.nana-media.de\/WordPress\/wp-json\/wp\/v2\/users\/1"}],"replies":[{"embeddable":true,"href":"http:\/\/www.nana-media.de\/WordPress\/wp-json\/wp\/v2\/comments?post=317"}],"version-history":[{"count":88,"href":"http:\/\/www.nana-media.de\/WordPress\/wp-json\/wp\/v2\/pages\/317\/revisions"}],"predecessor-version":[{"id":690,"href":"http:\/\/www.nana-media.de\/WordPress\/wp-json\/wp\/v2\/pages\/317\/revisions\/690"}],"wp:attachment":[{"href":"http:\/\/www.nana-media.de\/WordPress\/wp-json\/wp\/v2\/media?parent=317"}],"curies":[{"name":"wp","href":"https:\/\/api.w.org\/{rel}","templated":true}]}}